{"id":628,"date":"2022-01-19T09:40:52","date_gmt":"2022-01-19T09:40:52","guid":{"rendered":"https:\/\/startersites.io\/stagingthree\/?page_id=628"},"modified":"2025-03-20T17:26:37","modified_gmt":"2025-03-20T16:26:37","slug":"about-us","status":"publish","type":"page","link":"https:\/\/superaz.com.pe\/ifans\/about-us\/","title":{"rendered":"Nosotros"},"content":{"rendered":"\n<figure class=\"wp-block-image alignfull size-large\"><img loading=\"lazy\" decoding=\"async\" width=\"1024\" height=\"350\" src=\"https:\/\/superaz.com.pe\/ifans\/wp-content\/uploads\/sites\/3\/2021\/04\/about-us-hero-2@2x-1024x350.jpg\" alt=\"\" class=\"wp-image-502\" srcset=\"https:\/\/superaz.com.pe\/ifans\/wp-content\/uploads\/sites\/3\/2021\/04\/about-us-hero-2@2x-1024x350.jpg 1024w, https:\/\/superaz.com.pe\/ifans\/wp-content\/uploads\/sites\/3\/2021\/04\/about-us-hero-2@2x-300x102.jpg 300w, https:\/\/superaz.com.pe\/ifans\/wp-content\/uploads\/sites\/3\/2021\/04\/about-us-hero-2@2x-768x262.jpg 768w, https:\/\/superaz.com.pe\/ifans\/wp-content\/uploads\/sites\/3\/2021\/04\/about-us-hero-2@2x-600x205.jpg 600w, https:\/\/superaz.com.pe\/ifans\/wp-content\/uploads\/sites\/3\/2021\/04\/about-us-hero-2@2x.jpg 1500w\" sizes=\"auto, (max-width: 1024px) 100vw, 1024px\" \/><\/figure>\n\n\n\n<div class=\"wp-block-stackable-spacer stk-block-spacer stk--no-padding stk-block stk-c003d22\" data-block-id=\"c003d22\"><style>.stk-c003d22 {height:50px !important;}@media screen and (max-width:689px){.stk-c003d22 {height:20px !important;}}<\/style><\/div>\n\n\n\n<div class=\"wp-block-stackable-heading stk-block-heading stk-block-heading--v2 stk-block stk-cc405c3\" id=\"i-fans\" data-block-id=\"cc405c3\"><style>@media screen and (max-width:689px){.stk-cc405c3 .stk-block-heading__text{font-size:25px !important;}}<\/style><h2 class=\"stk-block-heading__text has-text-align-center-mobile\">iFANS<\/h2><\/div>\n\n\n\n<div class=\"wp-block-stackable-columns stk-block-columns stk-block stk-e9fb440\" data-block-id=\"e9fb440\"><style>.stk-e9fb440 {margin-bottom:0px !important;}.stk-e9fb440-column{--stk-column-gap:30px !important;}@media screen and (max-width:689px){.stk-e9fb440-column{row-gap:50px !important;}}<\/style><div class=\"stk-row stk-inner-blocks stk-block-content stk-content-align stk-e9fb440-column\">\n<div class=\"wp-block-stackable-column stk-block-column stk-column stk-block stk-3d0787d\" data-v=\"4\" data-block-id=\"3d0787d\"><style>.stk-3d0787d-container{margin-top:0px !important;margin-right:0px !important;margin-bottom:0px !important;margin-left:0px !important;}<\/style><div class=\"stk-column-wrapper stk-block-column__content stk-container stk-3d0787d-container stk--no-background stk--no-padding\"><div class=\"stk-block-content stk-inner-blocks stk-3d0787d-inner-blocks\">\n<div class=\"wp-block-stackable-text stk-block-text stk-block stk-d22a686\" data-block-id=\"d22a686\"><p class=\"stk-block-text__text has-text-align-center-mobile\">Tu proveedor mayorista de confianza en carcasas para celulares de alta gama. Nos especializamos en ofrecer una amplia variedad de dise\u00f1os y materiales de la m\u00e1s alta calidad, con un enfoque principal en accesorios para iPhone y una selecta gama para dispositivos Android premium.<\/p><\/div>\n<\/div><\/div><\/div>\n\n\n\n<div class=\"wp-block-stackable-column stk-block-column stk-column stk-block stk-ec967e2\" data-v=\"4\" data-block-id=\"ec967e2\"><style>.stk-ec967e2-container{margin-top:0px !important;margin-right:0px !important;margin-bottom:0px !important;margin-left:0px !important;}<\/style><div class=\"stk-column-wrapper stk-block-column__content stk-container stk-ec967e2-container stk--no-background stk--no-padding\"><div class=\"stk-block-content stk-inner-blocks stk-ec967e2-inner-blocks\">\n<div class=\"wp-block-stackable-text stk-block-text stk-block stk-9c24568\" data-block-id=\"9c24568\"><p class=\"stk-block-text__text has-text-align-center-mobile\">En iFANS, entendemos las necesidades de los mayoristas. Por eso, nos esforzamos por ofrecer un servicio al cliente excepcional, con atenci\u00f3n personalizada, env\u00edos r\u00e1pidos y precios competitivos. Nuestra experiencia en el mercado nos permite brindarte asesoramiento y soluciones a medida.<\/p><\/div>\n<\/div><\/div><\/div>\n<\/div><\/div>\n\n\n\n<div class=\"wp-block-stackable-spacer stk-block-spacer stk--no-padding stk-block stk-0f07c80\" data-block-id=\"0f07c80\"><style>.stk-0f07c80 {height:100px !important;}@media screen and (max-width:999px){.stk-0f07c80 {height:80px !important;}}@media screen and (max-width:689px){.stk-0f07c80 {height:50px !important;}}<\/style><\/div>\n\n\n\n<div class=\"wp-block-stackable-video-popup stk-block-video-popup stk-block stk-ce6580c\" data-video=\"#\" data-block-id=\"ce6580c\"><style>.stk-ce6580c {min-height:400px !important;margin-bottom:0px !important;}<\/style><div class=\"stk-block-video-popup__overlay stk-row stk-inner-blocks stk-block-content stk-hover-parent\" aria-label=\"Play Video\" tabindex=\"0\" role=\"button\">\n\n<div class=\"wp-block-stackable-icon stk-block-icon has-text-align-center stk-block stk-33de535\" data-block-id=\"33de535\"><span class=\"stk--svg-wrapper\"><div class=\"stk--inner-svg\"><svg style=\"height:0;width:0\"><defs><linearGradient id=\"linear-gradient-33de535\" x1=\"0\" x2=\"100%\" y1=\"0\" y2=\"0\"><stop offset=\"0%\" style=\"stop-opacity:1;stop-color:var(--linear-gradient-33-de-535-color-1)\"><\/stop><stop offset=\"100%\" style=\"stop-opacity:1;stop-color:var(--linear-gradient-33-de-535-color-2)\"><\/stop><\/linearGradient><\/defs><\/svg><svg aria-hidden=\"true\" focusable=\"false\" data-prefix=\"fas\" data-icon=\"play\" class=\"svg-inline--fa fa-play fa-w-14\" xmlns=\"http:\/\/www.w3.org\/2000\/svg\" viewBox=\"0 0 448 512\" width=\"32\" height=\"32\"><path fill=\"currentColor\" d=\"M424.4 214.7L72.4 6.6C43.8-10.3 0 6.1 0 47.9V464c0 37.5 40.7 60.1 72.4 41.3l352-208c31.4-18.5 31.5-64.1 0-82.6z\"><\/path><\/svg><\/div><\/span><\/div>\n\n\n<div class=\"wp-block-stackable-image stk-block-image stk-block stk-b91bab3\" data-block-id=\"b91bab3\"><style>.stk-b91bab3 .stk-img-wrapper{height:400px !important;--stk-gradient-overlay:0.2 !important;}.stk-b91bab3 .stk-img-wrapper::after{background-color:var(--theme-palette-color-4, #111518) !important;}.stk-b91bab3 .stk-img-wrapper:hover::after{background-color:var(--theme-palette-color-4, #111518) !important;}:where(.stk-hover-parent:hover,  .stk-hover-parent.stk--is-hovered) .stk-b91bab3 .stk-img-wrapper::after{background-color:var(--theme-palette-color-4, #111518) !important;}.stk-b91bab3 .stk-img-wrapper::before{--stk-gradient-overlay:0.5 !important;}:where(.stk-hover-parent:hover,  .stk-hover-parent.stk--is-hovered) .stk-b91bab3 .stk-img-wrapper{--stk-gradient-overlay:0.5 !important;}@media screen and (max-width:999px){.stk-b91bab3 .stk-img-wrapper img{object-position:50% 50% !important;}}<\/style><figure><span class=\"stk-img-wrapper stk-image--shape-stretch\"><img loading=\"lazy\" decoding=\"async\" class=\"stk-img wp-image-180\" src=\"https:\/\/superaz.com.pe\/ifans\/wp-content\/uploads\/sites\/3\/2021\/04\/video-bg.jpg\" width=\"1300\" height=\"500\" srcset=\"https:\/\/superaz.com.pe\/ifans\/wp-content\/uploads\/sites\/3\/2021\/04\/video-bg.jpg 1300w, https:\/\/superaz.com.pe\/ifans\/wp-content\/uploads\/sites\/3\/2021\/04\/video-bg-300x115.jpg 300w, https:\/\/superaz.com.pe\/ifans\/wp-content\/uploads\/sites\/3\/2021\/04\/video-bg-1024x394.jpg 1024w, https:\/\/superaz.com.pe\/ifans\/wp-content\/uploads\/sites\/3\/2021\/04\/video-bg-768x295.jpg 768w, https:\/\/superaz.com.pe\/ifans\/wp-content\/uploads\/sites\/3\/2021\/04\/video-bg-600x231.jpg 600w\" sizes=\"auto, (max-width: 1300px) 100vw, 1300px\" \/><\/span><\/figure><\/div>\n\n<\/div><\/div>\n\n\n\n<div class=\"wp-block-stackable-spacer stk-block-spacer stk--no-padding stk-block stk-d95c64c\" data-block-id=\"d95c64c\"><style>.stk-d95c64c {height:100px !important;}@media screen and (max-width:999px){.stk-d95c64c {height:80px !important;}}<\/style><\/div>\n\n\n\n<div class=\"wp-block-stackable-heading stk-block-heading stk-block-heading--v2 stk-block stk-9df6c02\" id=\"nuestro-enfoque\" data-block-id=\"9df6c02\"><style>.stk-9df6c02 {margin-bottom:40px !important;}@media screen and (max-width:689px){.stk-9df6c02 .stk-block-heading__text{font-size:25px !important;}}<\/style><h2 class=\"stk-block-heading__text has-text-align-center has-text-align-center-mobile\">Nuestro Enfoque<\/h2><\/div>\n\n\n\n<div class=\"wp-block-stackable-columns stk-block-columns stk-block stk-23f7d34\" data-block-id=\"23f7d34\"><style>.stk-23f7d34 .stk--block-align-23f7d34{align-items:center !important;}.stk-23f7d34 {margin-bottom:0px !important;}.stk-23f7d34-column{--stk-column-gap:60px !important;row-gap:50px !important;}@media screen and (max-width:689px){.stk-23f7d34-column{row-gap:50px !important;}}<\/style><div class=\"stk-row stk-inner-blocks stk--block-align-23f7d34 stk-block-content stk-content-align stk-23f7d34-column\">\n<div class=\"wp-block-stackable-column stk-block-column stk-column stk-block stk-f3bdcdd\" data-v=\"4\" data-block-id=\"f3bdcdd\"><style>.stk-f3bdcdd-container{margin-top:0px !important;margin-right:0px !important;margin-bottom:0px !important;margin-left:0px !important;}@media screen and (min-width:690px){.stk-f3bdcdd {flex:var(--stk-flex-grow, 1) 1 calc(55% - var(--stk-column-gap, 0px) * 1 \/ 2 ) !important;}}@media screen and (min-width:690px) and (max-width:999px){.stk-f3bdcdd {flex:var(--stk-flex-grow, 1) 1 calc(100% - var(--stk-column-gap, 0px) * 0 \/ 1 ) !important;}}<\/style><div class=\"stk-column-wrapper stk-block-column__content stk-container stk-f3bdcdd-container stk--no-background stk--no-padding\"><div class=\"stk-block-content stk-inner-blocks stk-f3bdcdd-inner-blocks\">\n<figure class=\"wp-block-image size-full\"><img loading=\"lazy\" decoding=\"async\" width=\"1024\" height=\"1024\" src=\"https:\/\/superaz.com.pe\/ifans\/wp-content\/uploads\/sites\/3\/2025\/03\/enfoque.webp\" alt=\"\" class=\"wp-image-717\" srcset=\"https:\/\/superaz.com.pe\/ifans\/wp-content\/uploads\/sites\/3\/2025\/03\/enfoque.webp 1024w, https:\/\/superaz.com.pe\/ifans\/wp-content\/uploads\/sites\/3\/2025\/03\/enfoque-300x300.webp 300w, https:\/\/superaz.com.pe\/ifans\/wp-content\/uploads\/sites\/3\/2025\/03\/enfoque-150x150.webp 150w, https:\/\/superaz.com.pe\/ifans\/wp-content\/uploads\/sites\/3\/2025\/03\/enfoque-768x768.webp 768w, https:\/\/superaz.com.pe\/ifans\/wp-content\/uploads\/sites\/3\/2025\/03\/enfoque-600x600.webp 600w, https:\/\/superaz.com.pe\/ifans\/wp-content\/uploads\/sites\/3\/2025\/03\/enfoque-100x100.webp 100w\" sizes=\"auto, (max-width: 1024px) 100vw, 1024px\" \/><\/figure>\n<\/div><\/div><\/div>\n\n\n\n<div class=\"wp-block-stackable-column stk-block-column stk-column stk-block stk-dba065b\" data-v=\"4\" data-block-id=\"dba065b\"><style>.stk-dba065b-container{margin-top:0px !important;margin-right:0px !important;margin-bottom:0px !important;margin-left:0px !important;}@media screen and (min-width:690px){.stk-dba065b {flex:var(--stk-flex-grow, 1) 1 calc(45% - var(--stk-column-gap, 0px) * 1 \/ 2 ) !important;}}@media screen and (min-width:690px) and (max-width:999px){.stk-dba065b {flex:var(--stk-flex-grow, 1) 1 calc(100% - var(--stk-column-gap, 0px) * 0 \/ 1 ) !important;}}<\/style><div class=\"stk-column-wrapper stk-block-column__content stk-container stk-dba065b-container stk--no-background stk--no-padding\"><div class=\"stk-block-content stk-inner-blocks stk-dba065b-inner-blocks\">\n<div class=\"wp-block-stackable-heading stk-block-heading stk-block-heading--v2 stk-block stk-c4b959c\" id=\"experiencia\" data-block-id=\"c4b959c\"><style>.stk-c4b959c {margin-bottom:10px !important;}@media screen and (max-width:689px){.stk-c4b959c .stk-block-heading__text{font-size:25px !important;}}<\/style><h3 class=\"stk-block-heading__text has-text-align-center-tablet\">Experiencia<\/h3><\/div>\n\n\n\n<div class=\"wp-block-stackable-text stk-block-text stk-block stk-e388663\" data-block-id=\"e388663\"><style>.stk-e388663 {margin-bottom:50px !important;}@media screen and (max-width:689px){.stk-e388663 {margin-bottom:30px !important;}}<\/style><p class=\"stk-block-text__text has-text-align-center-tablet\">Con a\u00f1os de experiencia en el mercado de accesorios para celulares, iFANS se ha posicionado como un referente en la venta mayorista de carcasas de alta gama.<\/p><\/div>\n\n\n\n<div class=\"wp-block-stackable-button-group stk-block-button-group stk-block stk-61a3042\" data-block-id=\"61a3042\"><div class=\"stk-row stk-inner-blocks has-text-align-center-tablet stk-block-content stk-button-group\">\n<div class=\"wp-block-stackable-button stk-block-button stk-block stk-ac49bbf\" data-block-id=\"ac49bbf\"><style>.stk-ac49bbf .stk-button{padding-right:25px !important;padding-left:25px !important;}.stk-ac49bbf .stk-button__inner-text{font-size:18px !important;}@media screen and (max-width:999px){.stk-ac49bbf .stk-button__inner-text{font-size:18px !important;}}<\/style><a class=\"stk-link stk-button stk--hover-effect-darken\" href=\"\"><span class=\"stk-button__inner-text\">Escribenos<\/span><\/a><\/div>\n<\/div><\/div>\n<\/div><\/div><\/div>\n<\/div><\/div>\n\n\n\n<div class=\"wp-block-stackable-spacer stk-block-spacer stk--no-padding stk-block stk-173396b\" data-block-id=\"173396b\"><style>.stk-173396b {height:100px !important;}@media screen and (max-width:999px){.stk-173396b {height:80px !important;}}<\/style><\/div>\n\n\n\n<div class=\"wp-block-stackable-heading stk-block-heading stk-block-heading--v2 stk-block stk-92759f0\" id=\"nuestra-promesa\" data-block-id=\"92759f0\"><style>.stk-92759f0 {margin-bottom:10px !important;}@media screen and (max-width:689px){.stk-92759f0 .stk-block-heading__text{font-size:25px !important;}}<\/style><h2 class=\"stk-block-heading__text has-text-align-center has-text-align-center-mobile\">Nuestra promesa<\/h2><\/div>\n\n\n\n<div class=\"wp-block-stackable-text stk-block-text stk-block stk-3a923b0\" data-block-id=\"3a923b0\"><style>.stk-3a923b0 {margin-bottom:40px !important;}<\/style><p class=\"stk-block-text__text has-text-align-center\">Eleva el estilo y la protecci\u00f3n de tus dispositivos con iFANS. Nuestra colecci\u00f3n combina dise\u00f1os exclusivos, tendencias actuales y materiales de alta resistencia.<\/p><\/div>\n\n\n\n<div class=\"wp-block-stackable-columns aligncenter stk-block-columns stk-block stk-51b7e7a\" data-block-id=\"51b7e7a\"><style>.stk-51b7e7a-column{--stk-column-gap:35px !important;}@media screen and (max-width:999px){.stk-51b7e7a-column{--stk-column-gap:20px !important;}}@media screen and (max-width:689px){.stk-51b7e7a-column{row-gap:50px !important;}}<\/style><div class=\"stk-row stk-inner-blocks stk-block-content stk-content-align stk-51b7e7a-column\">\n<div class=\"wp-block-stackable-column stk-block-column stk-column stk-block stk-47ff57d\" data-v=\"4\" data-block-id=\"47ff57d\"><style>.stk-47ff57d-container{margin-top:0px !important;margin-right:0px !important;margin-bottom:0px !important;margin-left:0px !important;}<\/style><div class=\"stk-column-wrapper stk-block-column__content stk-container stk-47ff57d-container stk--no-background stk--no-padding\"><div class=\"stk-block-content stk-inner-blocks stk-47ff57d-inner-blocks\">\n<figure class=\"wp-block-image size-full\"><img loading=\"lazy\" decoding=\"async\" width=\"896\" height=\"1280\" src=\"https:\/\/superaz.com.pe\/ifans\/wp-content\/uploads\/sites\/3\/2025\/03\/exclusividad.webp\" alt=\"\" class=\"wp-image-713\" srcset=\"https:\/\/superaz.com.pe\/ifans\/wp-content\/uploads\/sites\/3\/2025\/03\/exclusividad.webp 896w, https:\/\/superaz.com.pe\/ifans\/wp-content\/uploads\/sites\/3\/2025\/03\/exclusividad-210x300.webp 210w, https:\/\/superaz.com.pe\/ifans\/wp-content\/uploads\/sites\/3\/2025\/03\/exclusividad-717x1024.webp 717w, https:\/\/superaz.com.pe\/ifans\/wp-content\/uploads\/sites\/3\/2025\/03\/exclusividad-768x1097.webp 768w, https:\/\/superaz.com.pe\/ifans\/wp-content\/uploads\/sites\/3\/2025\/03\/exclusividad-300x429.webp 300w, https:\/\/superaz.com.pe\/ifans\/wp-content\/uploads\/sites\/3\/2025\/03\/exclusividad-600x857.webp 600w\" sizes=\"auto, (max-width: 896px) 100vw, 896px\" \/><\/figure>\n\n\n\n<div class=\"wp-block-stackable-heading stk-block-heading stk-block-heading--v2 stk-block stk-0e319cf\" id=\"exclusividad\" data-block-id=\"0e319cf\"><style>.stk-0e319cf {padding-top:0px !important;padding-right:0px !important;padding-bottom:0px !important;padding-left:0px !important;margin-top:10px !important;margin-bottom:10px !important;}<\/style><h5 class=\"stk-block-heading__text has-text-align-center\">Exclusividad<\/h5><\/div>\n\n\n\n<div class=\"wp-block-stackable-text stk-block-text stk-block stk-4e826c7\" data-block-id=\"4e826c7\"><style>.stk-4e826c7 .stk-block-text__text{color:#aaaaaa !important;}<\/style><p class=\"stk-block-text__text has-text-color has-text-align-center\"><\/p><\/div>\n<\/div><\/div><\/div>\n\n\n\n<div class=\"wp-block-stackable-column stk-block-column stk-column stk-block stk-001ec93\" data-v=\"4\" data-block-id=\"001ec93\"><style>.stk-001ec93-container{margin-top:0px !important;margin-right:0px !important;margin-bottom:0px !important;margin-left:0px !important;}<\/style><div class=\"stk-column-wrapper stk-block-column__content stk-container stk-001ec93-container stk--no-background stk--no-padding\"><div class=\"stk-block-content stk-inner-blocks stk-001ec93-inner-blocks\">\n<figure class=\"wp-block-image size-full\"><img loading=\"lazy\" decoding=\"async\" width=\"896\" height=\"1280\" src=\"https:\/\/superaz.com.pe\/ifans\/wp-content\/uploads\/sites\/3\/2025\/03\/tendencia.webp\" alt=\"\" class=\"wp-image-714\" srcset=\"https:\/\/superaz.com.pe\/ifans\/wp-content\/uploads\/sites\/3\/2025\/03\/tendencia.webp 896w, https:\/\/superaz.com.pe\/ifans\/wp-content\/uploads\/sites\/3\/2025\/03\/tendencia-210x300.webp 210w, https:\/\/superaz.com.pe\/ifans\/wp-content\/uploads\/sites\/3\/2025\/03\/tendencia-717x1024.webp 717w, https:\/\/superaz.com.pe\/ifans\/wp-content\/uploads\/sites\/3\/2025\/03\/tendencia-768x1097.webp 768w, https:\/\/superaz.com.pe\/ifans\/wp-content\/uploads\/sites\/3\/2025\/03\/tendencia-300x429.webp 300w, https:\/\/superaz.com.pe\/ifans\/wp-content\/uploads\/sites\/3\/2025\/03\/tendencia-600x857.webp 600w\" sizes=\"auto, (max-width: 896px) 100vw, 896px\" \/><\/figure>\n\n\n\n<div class=\"wp-block-stackable-heading stk-block-heading stk-block-heading--v2 stk-block stk-d11a1b2\" id=\"tendencia\" data-block-id=\"d11a1b2\"><style>.stk-d11a1b2 {padding-top:0px !important;padding-right:0px !important;padding-bottom:0px !important;padding-left:0px !important;margin-top:10px !important;margin-bottom:10px !important;}<\/style><h5 class=\"stk-block-heading__text has-text-align-center\">Tendencia<\/h5><\/div>\n\n\n\n<div class=\"wp-block-stackable-text stk-block-text stk-block stk-271ade4\" data-block-id=\"271ade4\"><style>.stk-271ade4 .stk-block-text__text{color:#aaaaaa !important;}<\/style><p class=\"stk-block-text__text has-text-color has-text-align-center\"><\/p><\/div>\n<\/div><\/div><\/div>\n\n\n\n<div class=\"wp-block-stackable-column stk-block-column stk-column stk-block stk-5a8e72b\" data-v=\"4\" data-block-id=\"5a8e72b\"><style>.stk-5a8e72b-container{margin-top:0px !important;margin-right:0px !important;margin-bottom:0px !important;margin-left:0px !important;}<\/style><div class=\"stk-column-wrapper stk-block-column__content stk-container stk-5a8e72b-container stk--no-background stk--no-padding\"><div class=\"stk-block-content stk-inner-blocks stk-5a8e72b-inner-blocks\">\n<figure class=\"wp-block-image size-full\"><img loading=\"lazy\" decoding=\"async\" width=\"896\" height=\"1280\" src=\"https:\/\/superaz.com.pe\/ifans\/wp-content\/uploads\/sites\/3\/2025\/03\/proteccion.webp\" alt=\"\" class=\"wp-image-715\" srcset=\"https:\/\/superaz.com.pe\/ifans\/wp-content\/uploads\/sites\/3\/2025\/03\/proteccion.webp 896w, https:\/\/superaz.com.pe\/ifans\/wp-content\/uploads\/sites\/3\/2025\/03\/proteccion-210x300.webp 210w, https:\/\/superaz.com.pe\/ifans\/wp-content\/uploads\/sites\/3\/2025\/03\/proteccion-717x1024.webp 717w, https:\/\/superaz.com.pe\/ifans\/wp-content\/uploads\/sites\/3\/2025\/03\/proteccion-768x1097.webp 768w, https:\/\/superaz.com.pe\/ifans\/wp-content\/uploads\/sites\/3\/2025\/03\/proteccion-300x429.webp 300w, https:\/\/superaz.com.pe\/ifans\/wp-content\/uploads\/sites\/3\/2025\/03\/proteccion-600x857.webp 600w\" sizes=\"auto, (max-width: 896px) 100vw, 896px\" \/><\/figure>\n\n\n\n<div class=\"wp-block-stackable-heading stk-block-heading stk-block-heading--v2 stk-block stk-da16509\" id=\"proteccion\" data-block-id=\"da16509\"><style>.stk-da16509 {padding-top:0px !important;padding-right:0px !important;padding-bottom:0px !important;padding-left:0px !important;margin-top:10px !important;margin-bottom:10px !important;}<\/style><h5 class=\"stk-block-heading__text has-text-align-center\">Protecci\u00f3n<\/h5><\/div>\n\n\n\n<div class=\"wp-block-stackable-text stk-block-text stk-block stk-491c506\" data-block-id=\"491c506\"><style>.stk-491c506 .stk-block-text__text{color:#aaaaaa !important;}<\/style><p class=\"stk-block-text__text has-text-color has-text-align-center\"><\/p><\/div>\n<\/div><\/div><\/div>\n<\/div><\/div>\n\n\n\n<div class=\"wp-block-stackable-spacer stk-block-spacer stk--no-padding stk-block stk-221f372\" data-block-id=\"221f372\"><style>.stk-221f372 {height:100px !important;}@media screen and (max-width:999px){.stk-221f372 {height:80px !important;}}<\/style><\/div>\n\n\n\n<p><\/p>\n","protected":false},"excerpt":{"rendered":"<p>iFANS Tu proveedor mayorista de confianza en carcasas para celulares de alta gama. Nos especializamos en ofrecer una amplia variedad de dise\u00f1os y materiales de la m\u00e1s alta calidad, con un enfoque principal en accesorios para iPhone y una selecta gama para dispositivos Android premium. En iFANS, entendemos las necesidades de los mayoristas. Por eso, [&hellip;]<\/p>\n","protected":false},"author":1,"featured_media":0,"parent":0,"menu_order":0,"comment_status":"closed","ping_status":"closed","template":"","meta":{"footnotes":""},"class_list":["post-628","page","type-page","status-publish","hentry"],"blocksy_meta":{"styles_descriptor":{"styles":{"desktop":"","tablet":"","mobile":""},"google_fonts":[],"version":6}},"_links":{"self":[{"href":"https:\/\/superaz.com.pe\/ifans\/wp-json\/wp\/v2\/pages\/628","targetHints":{"allow":["GET"]}}],"collection":[{"href":"https:\/\/superaz.com.pe\/ifans\/wp-json\/wp\/v2\/pages"}],"about":[{"href":"https:\/\/superaz.com.pe\/ifans\/wp-json\/wp\/v2\/types\/page"}],"author":[{"embeddable":true,"href":"https:\/\/superaz.com.pe\/ifans\/wp-json\/wp\/v2\/users\/1"}],"replies":[{"embeddable":true,"href":"https:\/\/superaz.com.pe\/ifans\/wp-json\/wp\/v2\/comments?post=628"}],"version-history":[{"count":6,"href":"https:\/\/superaz.com.pe\/ifans\/wp-json\/wp\/v2\/pages\/628\/revisions"}],"predecessor-version":[{"id":720,"href":"https:\/\/superaz.com.pe\/ifans\/wp-json\/wp\/v2\/pages\/628\/revisions\/720"}],"wp:attachment":[{"href":"https:\/\/superaz.com.pe\/ifans\/wp-json\/wp\/v2\/media?parent=628"}],"curies":[{"name":"wp","href":"https:\/\/api.w.org\/{rel}","templated":true}]}}